{"id":44,"date":"2024-11-26T09:51:32","date_gmt":"2024-11-26T09:51:32","guid":{"rendered":"https:\/\/sandra-rehm.de\/?page_id=44"},"modified":"2025-06-04T12:51:28","modified_gmt":"2025-06-04T12:51:28","slug":"fuehrungskraefteentwicklung","status":"publish","type":"page","link":"https:\/\/sandra-rehm.de\/index.php\/fuehrungskraefteentwicklung\/","title":{"rendered":"F\u00fchrungskr\u00e4fteentwicklung"},"content":{"rendered":"<div  data-label=\"Fuehrungskrfteentwicklung\" data-id=\"cta-centered-bg-section\" data-category=\"cta\" class=\"cta-centered-bg-section white-text white-text-section\" id=\"fuehrungskrfteentwicklung\" style=\"background-color: rgb(255, 255, 255); background-image: url(&quot;https:\/\/sandra-rehm.de\/wp-content\/uploads\/2025\/01\/IMG_2704.jpeg&quot;); background-size: cover; background-position: center top;\" data-ovid=\"ovid-fuehrungskrfteentwicklung-110\" data-parallax-depth=\"20\"> <div  class=\"gridContainer\"> <div  class=\"cta-centered-bg-section-row\"> <div  class=\"cta-centered-bg-section-row-2\"> <div  class=\"cta-centered-bg-section-col dynamic-color\" data-type=\"column\">   <h2  class=\"\">Sichern Sie langfristig den<br >\nErfolg Ihres Unternehmens durch<br >\neinen gesunden F\u00fchrungsstil.<\/h2><p  class=\"\">Neben fachlichen Kompetenzen und strategischen Denken sowie hoher Management- und Entscheidungsf\u00e4higkeiten braucht eine gute F\u00fchrungskraft auch soziale Kompetenzen. Dies umfasst die F\u00f6rderung von Empathie, achtsamer Kommunikation und authentischer F\u00fchrung. F\u00fchrungskr\u00e4fte werden dazu ermutigt, sich selbst zu reflektieren, ihre eigenen St\u00e4rken und Schw\u00e4chen zu erkennen und daran zu arbeiten. Aber auch ihre eigenen Grenzen zu akzeptieren und den eigenen Stress durch gute Strategien und Work-Live-Balance zu managen. Sie entwickeln Strategien f\u00fcr effektives Teambuilding und die Schaffung eines positiven Arbeitsumfelds. Durch systemisches Coaching lernen F\u00fchrungskr\u00e4fte, die Dynamiken innerhalb ihres Teams und ihrer Organisation besser zu verstehen und zu beeinflussen.<\/p><\/div> <\/div> <\/div> <\/div> <\/div><div  data-label=\"Gesund Fuehren\" data-id=\"content-full-right-image-section\" data-category=\"content\" class=\"content-full-right-image-section\" id=\"gesund-fuehren\" style=\"background-color: rgb(246, 246, 246);\"> <div  class=\"content-full-right-image-innerrow gridContainer\"> <div  class=\"content-full-right-image-textcol dynamic-color\"> <div  data-type=\"column\" class=\"\"> <h5  class=\"\">Sie haben es in der Hand!<\/h5> <h2  class=\"\">Gesundes F\u00fchren<\/h2> <p  class=\"\">Gesundes F\u00fchren ist weit mehr als ein moderner F\u00fchrungsstil \u2013 es ist ein zentraler Erfolgsfaktor f\u00fcr Unternehmen. F\u00fchrungskr\u00e4fte, die auf die physische und psychische Gesundheit ihrer Mitarbeitenden achten, schaffen nicht nur ein produktiveres Arbeitsumfeld, sondern st\u00e4rken auch langfristig die Wettbewerbsf\u00e4higkeit ihres Unternehmens.<br >\nGesundes F\u00fchren ist keine Option, sondern eine Notwendigkeit in der modernen Arbeitswelt. Es verbindet wirtschaftliche Ziele mit dem Wohlbefinden der Mitarbeitenden und schafft so eine Win-Win-Situation f\u00fcr alle Beteiligten. Unternehmen profitieren von geringeren Kosten, h\u00f6herer Produktivit\u00e4t und einer st\u00e4rkeren Arbeitgebermarke \u2013 w\u00e4hrend Mitarbeitende in einem Umfeld arbeiten k\u00f6nnen, das ihre Gesundheit sch\u00fctzt und f\u00f6rdert.\n<br ><br >\nGesundes F\u00fchren bedeutet, die physische und psychische Gesundheit der Mitarbeitenden aktiv zu f\u00f6rdern. Dies umfasst:<\/p> <\/div> <div  class=\"content-full-right-image-featuresrow\"> <div  class=\"content-full-right-image-featurescol\" data-type=\"column\"> <h5  class=\"\">Selbstf\u00fcrsorge<\/h5> <p  class=\"\">F\u00fchrungskr\u00e4fte sollten selbst achtsam mit ihrer Gesundheit umgehen, um ein gesundes Verhalten im Team zu f\u00f6rdern.<\/p> <h5  class=\"\">Gestaltungsfreiheit<\/h5> <p  class=\"\">Handlungsspielr\u00e4ume und Entscheidungsfreiheiten steigern Motivation und Zufriedenheit.<\/p> <\/div> <div  class=\"content-full-right-image-featurescol\" data-type=\"column\"> <h5  class=\"\">Kommunikation<\/h5> <p  class=\"\">Regelm\u00e4\u00dfige Gespr\u00e4che und offene Kommunikation schaffen Sicherheit und st\u00e4rken das Wohlbefinden.<\/p> <h5  class=\"\">Achtsamkeit<\/h5> <p  class=\"\">Ein positives Betriebsklima reduziert Stress und Burnout-Gefahr, was sich direkt auf die Gesundheit auswirkt.<\/p> <\/div> <\/div> <\/div> <div  data-bg=\"image\" class=\"content-full-right-image-imgcol\" style=\"background-image: url(&quot;https:\/\/sandra-rehm.de\/wp-content\/uploads\/2025\/06\/nina_skripietz_fotografie_Sandra_Rehm-41-von-83-scaled.jpg&quot;);\"><\/div> <\/div><\/div><div  data-label=\"Konfliktmanagement\" data-id=\"content-full-left-image-section\" data-category=\"content\" class=\"content-full-left-image-section\" id=\"konfliktmanagement\" style=\"background-color: rgb(255, 255, 255);\"> <div  class=\"content-full-left-image-innerrow gridContainer\"> <div  data-bg=\"image\" class=\"content-full-left-image-imgcol\" style=\"background-image: url(&quot;https:\/\/sandra-rehm.de\/wp-content\/uploads\/2025\/01\/nina_skripietz_fotografie_Sandra_Rehm-49-von-83-scaled.jpg&quot;);\"><\/div> <div  class=\"content-full-left-image-textcol dynamic-color\"> <div  data-type=\"column\" class=\"\"> <h5  class=\"\">Neue Sichtweise gef\u00e4llig?<\/h5> <h2  class=\"\">Konfliktmanagement<\/h2> <p  class=\"\">Konflikte geh\u00f6ren zum Arbeitsalltag und sind in Teams unvermeidbar. Unterschiedliche Meinungen, Interessen oder Missverst\u00e4ndnisse k\u00f6nnen schnell zu Spannungen f\u00fchren, die das Betriebsklima und die Produktivit\u00e4t beeintr\u00e4chtigen. F\u00fcr F\u00fchrungskr\u00e4fte ist es daher essenziell, Konflikte fr\u00fchzeitig zu erkennen und konstruktiv zu l\u00f6sen. Ein professionelles Konfliktmanagement hilft nicht nur, Eskalationen zu vermeiden, sondern kann Konflikte sogar in Chancen f\u00fcr Wachstum und Innovation verwandeln. F\u00fchrungskr\u00e4fte, die souver\u00e4n mit Spannungen umgehen, st\u00e4rken das Vertrauen im Team, f\u00f6rdern die Zusammenarbeit und schaffen eine positive Unternehmenskultur. Der Schl\u00fcssel liegt darin, Konflikte nicht zu ignorieren, sondern aktiv anzugehen \u2013 mit Empathie, Klarheit und l\u00f6sungsorientiertem Handeln.<\/p> <\/div> <div  class=\"content-full-left-image-featuresrow\"> <div  class=\"content-full-left-image-featurescol\" data-type=\"column\"> <h5  class=\"\">Hinschauen<\/h5> <p  class=\"\">Konfliktsignale wie Spannungen oder Kommunikationsprobleme rechtzeitig wahrnehmen.<\/p> <h5  class=\"\">Neutral bleiben<\/h5> <p  class=\"\">Als Vermittler agieren und objektiv auf L\u00f6sungen hinarbeiten.<\/p> <\/div> <div  class=\"content-full-left-image-featurescol\" data-type=\"column\"> <h5  class=\"\">Konstruktiv angehen<\/h5> <p  class=\"\">Offene Gespr\u00e4che f\u00fchren und alle Beteiligten einbeziehen.<\/p> <h5  class=\"\">Chancen erkennen<\/h5> <p  class=\"\">Strukturen schaffen, um Konflikte systematisch und nachhaltig zu l\u00f6sen. So lange bis alle daran wachsen.<\/p> <\/div> <\/div> <\/div> <\/div><\/div><div  data-label=\"Einzelcoaching\" data-id=\"content-full-right-image-section-1\" data-category=\"content\" class=\"content-full-right-image-section content-full-right-image-section-1\" id=\"einzelcoaching\" style=\"background-color: rgb(246, 246, 246);\"> <div  class=\"content-full-right-image-innerrow gridContainer\"> <div  class=\"content-full-right-image-textcol dynamic-color\"> <div  data-type=\"column\" class=\"\"> <h5  class=\"\">Der Blick von Au\u00dfen.<\/h5> <h2  class=\"\">Systemische Beratung im Einzelcoaching<\/h2> <p  class=\"\">Manchmal stehen F\u00fchrungskr\u00e4fte vor herausfordernden Situationen die nur mit einem Blick von \u201eUnbeteiligten\u201c gel\u00f6st werden k\u00f6nnen. Das Einzelcoaching hilft, eigene St\u00e4rken und F\u00e4higkeiten zu erkennen und zu nutzen, um nachhaltig als F\u00fchrungskraft erfolgreich zu sein.<\/p> <\/div> <div  class=\"content-full-right-image-featuresrow\"> <div  class=\"content-full-right-image-featurescol\" data-type=\"column\"> <h5  class=\"\">Neue Perspektiven<\/h5> <p  class=\"\">Ein unvoreingenommener externer Blick hilft F\u00fchrungskr\u00e4ften, schwierige Situationen klarer zu sehen und innovative L\u00f6sungen zu entwickeln.<\/p><h5  class=\"\">Pers\u00f6nliche Entwicklung<\/h5>  <p  class=\"\">Individuelle Entwicklung von pers\u00f6nlichen Kompetenzen st\u00e4rken die F\u00fchrungsf\u00e4higkeiten und bereiten auf zuk\u00fcnftige Herausforderungen vor.<\/p> <\/div> <div  class=\"content-full-right-image-featurescol\" data-type=\"column\"> <h5  class=\"\">Systemische Sichtweise<\/h5> <p  class=\"\">Dieser Ansatz betrachtet die F\u00fchrungskraft im Kontext ihres gesamten Umfelds und ihrer Beziehungen. Durch systemisches Coaching k\u00f6nnen F\u00fchrungskr\u00e4fte ihre eigenen Verhaltensmuster und die Dynamiken im Team besser verstehen. Dies f\u00fchrt zu einer bewussteren und effektiveren F\u00fchrung, die sowohl die individuellen Bed\u00fcrfnisse der Mitarbeitenden als auch die Ziele des Unternehmens ber\u00fccksichtigt.<\/p>   <\/div> <\/div> <\/div> <div  data-bg=\"image\" class=\"content-full-right-image-imgcol\" style=\"background-image: url(&quot;https:\/\/sandra-rehm.de\/wp-content\/uploads\/2025\/01\/nina_skripietz_fotografie_Sandra_Rehm-53-von-83-scaled.jpg&quot;);\"><\/div> <\/div><\/div>","protected":false},"excerpt":{"rendered":"<p>Sichern Sie langfristig den Erfolg Ihres Unternehmens durch einen gesunden F\u00fchrungsstil.Neben fachlichen Kompetenzen und strategischen Denken sowie hoher Management- und Entscheidungsf\u00e4higkeiten braucht eine gute F\u00fchrungskraft auch soziale Kompetenzen. Dies umfasst die F\u00f6rderung von Empathie, achtsamer Kommunikation und authentischer F\u00fchrung. F\u00fchrungskr\u00e4fte werden dazu ermutigt, sich selbst zu reflektieren, ihre eigenen St\u00e4rken und Schw\u00e4chen zu erkennen und&hellip; <br \/> <a class=\"button small blue\" href=\"https:\/\/sandra-rehm.de\/index.php\/fuehrungskraefteentwicklung\/\">Weiterlesen<\/a><\/p>\n","protected":false},"author":1,"featured_media":348,"parent":0,"menu_order":3,"comment_status":"closed","ping_status":"closed","template":"full-width-page.php","meta":{"footnotes":""},"class_list":["post-44","page","type-page","status-publish","has-post-thumbnail","hentry"],"yoast_head":"<!-- This site is optimized with the Yoast SEO plugin v27.1.1 - https:\/\/yoast.com\/product\/yoast-seo-wordpress\/ -->\n<title>F\u00fchrungskr\u00e4fteentwicklung - Sandra Rehm - Gemeinsam f\u00fcr mehr Wohlbefinden<\/title>\n<meta name=\"description\" content=\"Sichern Sie langfristig den Erfolg Ihres Unternehmens durch einen gesunden F\u00fchrungsstil. Eine gute F\u00fchrungskraft braucht auch soziale Kompetenzen wie Empathie, achtsame Kommunikation und authentischer F\u00fchrung.\" \/>\n<meta name=\"robots\" content=\"index, follow, max-snippet:-1, max-image-preview:large, max-video-preview:-1\" \/>\n<link rel=\"canonical\" href=\"https:\/\/sandra-rehm.de\/index.php\/fuehrungskraefteentwicklung\/\" \/>\n<meta property=\"og:locale\" content=\"de_DE\" \/>\n<meta property=\"og:type\" content=\"article\" \/>\n<meta property=\"og:title\" content=\"F\u00fchrungskr\u00e4fteentwicklung - Sandra Rehm - Gemeinsam f\u00fcr mehr Wohlbefinden\" \/>\n<meta property=\"og:description\" content=\"Sichern Sie langfristig den Erfolg Ihres Unternehmens durch einen gesunden F\u00fchrungsstil. Eine gute F\u00fchrungskraft braucht auch soziale Kompetenzen wie Empathie, achtsame Kommunikation und authentischer F\u00fchrung.\" \/>\n<meta property=\"og:url\" content=\"https:\/\/sandra-rehm.de\/index.php\/fuehrungskraefteentwicklung\/\" \/>\n<meta property=\"og:site_name\" content=\"Sandra Rehm - Gemeinsam f\u00fcr mehr Wohlbefinden\" \/>\n<meta property=\"article:modified_time\" content=\"2025-06-04T12:51:28+00:00\" \/>\n<meta property=\"og:image\" content=\"https:\/\/sandra-rehm.de\/wp-content\/uploads\/2025\/01\/nina_skripietz_fotografie_Sandra_Rehm-53-von-83-scaled.jpg\" \/>\n\t<meta property=\"og:image:width\" content=\"2560\" \/>\n\t<meta property=\"og:image:height\" content=\"1703\" \/>\n\t<meta property=\"og:image:type\" content=\"image\/jpeg\" \/>\n<meta name=\"twitter:card\" content=\"summary_large_image\" \/>\n<meta name=\"twitter:label1\" content=\"Gesch\u00e4tzte Lesezeit\" \/>\n\t<meta name=\"twitter:data1\" content=\"4\u00a0Minuten\" \/>\n<script type=\"application\/ld+json\" class=\"yoast-schema-graph\">{\"@context\":\"https:\/\/schema.org\",\"@graph\":[{\"@type\":\"WebPage\",\"@id\":\"https:\/\/sandra-rehm.de\/index.php\/fuehrungskraefteentwicklung\/\",\"url\":\"https:\/\/sandra-rehm.de\/index.php\/fuehrungskraefteentwicklung\/\",\"name\":\"F\u00fchrungskr\u00e4fteentwicklung - Sandra Rehm - Gemeinsam f\u00fcr mehr Wohlbefinden\",\"isPartOf\":{\"@id\":\"https:\/\/sandra-rehm.de\/#website\"},\"primaryImageOfPage\":{\"@id\":\"https:\/\/sandra-rehm.de\/index.php\/fuehrungskraefteentwicklung\/#primaryimage\"},\"image\":{\"@id\":\"https:\/\/sandra-rehm.de\/index.php\/fuehrungskraefteentwicklung\/#primaryimage\"},\"thumbnailUrl\":\"https:\/\/sandra-rehm.de\/wp-content\/uploads\/2025\/01\/nina_skripietz_fotografie_Sandra_Rehm-53-von-83-scaled.jpg\",\"datePublished\":\"2024-11-26T09:51:32+00:00\",\"dateModified\":\"2025-06-04T12:51:28+00:00\",\"description\":\"Sichern Sie langfristig den Erfolg Ihres Unternehmens durch einen gesunden F\u00fchrungsstil. Eine gute F\u00fchrungskraft braucht auch soziale Kompetenzen wie Empathie, achtsame Kommunikation und authentischer F\u00fchrung.\",\"breadcrumb\":{\"@id\":\"https:\/\/sandra-rehm.de\/index.php\/fuehrungskraefteentwicklung\/#breadcrumb\"},\"inLanguage\":\"de\",\"potentialAction\":[{\"@type\":\"ReadAction\",\"target\":[\"https:\/\/sandra-rehm.de\/index.php\/fuehrungskraefteentwicklung\/\"]}]},{\"@type\":\"ImageObject\",\"inLanguage\":\"de\",\"@id\":\"https:\/\/sandra-rehm.de\/index.php\/fuehrungskraefteentwicklung\/#primaryimage\",\"url\":\"https:\/\/sandra-rehm.de\/wp-content\/uploads\/2025\/01\/nina_skripietz_fotografie_Sandra_Rehm-53-von-83-scaled.jpg\",\"contentUrl\":\"https:\/\/sandra-rehm.de\/wp-content\/uploads\/2025\/01\/nina_skripietz_fotografie_Sandra_Rehm-53-von-83-scaled.jpg\",\"width\":2560,\"height\":1703,\"caption\":\"Sandra Rehm stellt systemische Puppen auf\"},{\"@type\":\"BreadcrumbList\",\"@id\":\"https:\/\/sandra-rehm.de\/index.php\/fuehrungskraefteentwicklung\/#breadcrumb\",\"itemListElement\":[{\"@type\":\"ListItem\",\"position\":1,\"name\":\"Startseite\",\"item\":\"https:\/\/sandra-rehm.de\/\"},{\"@type\":\"ListItem\",\"position\":2,\"name\":\"F\u00fchrungskr\u00e4fteentwicklung\"}]},{\"@type\":\"WebSite\",\"@id\":\"https:\/\/sandra-rehm.de\/#website\",\"url\":\"https:\/\/sandra-rehm.de\/\",\"name\":\"Sandra Rehm - Gemeinsam f\u00fcr mehr Wohlbefinden\",\"description\":\"\",\"publisher\":{\"@id\":\"https:\/\/sandra-rehm.de\/#organization\"},\"potentialAction\":[{\"@type\":\"SearchAction\",\"target\":{\"@type\":\"EntryPoint\",\"urlTemplate\":\"https:\/\/sandra-rehm.de\/?s={search_term_string}\"},\"query-input\":{\"@type\":\"PropertyValueSpecification\",\"valueRequired\":true,\"valueName\":\"search_term_string\"}}],\"inLanguage\":\"de\"},{\"@type\":\"Organization\",\"@id\":\"https:\/\/sandra-rehm.de\/#organization\",\"name\":\"Sandra Rehm - Gemeinsam f\u00fcr mehr Wohlbefinden\",\"url\":\"https:\/\/sandra-rehm.de\/\",\"logo\":{\"@type\":\"ImageObject\",\"inLanguage\":\"de\",\"@id\":\"https:\/\/sandra-rehm.de\/#\/schema\/logo\/image\/\",\"url\":\"https:\/\/sandra-rehm.de\/wp-content\/uploads\/2024\/11\/cropped-cropped-Logo-Slogan.jpg\",\"contentUrl\":\"https:\/\/sandra-rehm.de\/wp-content\/uploads\/2024\/11\/cropped-cropped-Logo-Slogan.jpg\",\"width\":1631,\"height\":516,\"caption\":\"Sandra Rehm - Gemeinsam f\u00fcr mehr Wohlbefinden\"},\"image\":{\"@id\":\"https:\/\/sandra-rehm.de\/#\/schema\/logo\/image\/\"},\"sameAs\":[\"https:\/\/www.instagram.com\/sandra_rehm_gfm_wohlbefinden\"]}]}<\/script>\n<!-- \/ Yoast SEO plugin. -->","yoast_head_json":{"title":"F\u00fchrungskr\u00e4fteentwicklung - Sandra Rehm - Gemeinsam f\u00fcr mehr Wohlbefinden","description":"Sichern Sie langfristig den Erfolg Ihres Unternehmens durch einen gesunden F\u00fchrungsstil. Eine gute F\u00fchrungskraft braucht auch soziale Kompetenzen wie Empathie, achtsame Kommunikation und authentischer F\u00fchrung.","robots":{"index":"index","follow":"follow","max-snippet":"max-snippet:-1","max-image-preview":"max-image-preview:large","max-video-preview":"max-video-preview:-1"},"canonical":"https:\/\/sandra-rehm.de\/index.php\/fuehrungskraefteentwicklung\/","og_locale":"de_DE","og_type":"article","og_title":"F\u00fchrungskr\u00e4fteentwicklung - Sandra Rehm - Gemeinsam f\u00fcr mehr Wohlbefinden","og_description":"Sichern Sie langfristig den Erfolg Ihres Unternehmens durch einen gesunden F\u00fchrungsstil. Eine gute F\u00fchrungskraft braucht auch soziale Kompetenzen wie Empathie, achtsame Kommunikation und authentischer F\u00fchrung.","og_url":"https:\/\/sandra-rehm.de\/index.php\/fuehrungskraefteentwicklung\/","og_site_name":"Sandra Rehm - Gemeinsam f\u00fcr mehr Wohlbefinden","article_modified_time":"2025-06-04T12:51:28+00:00","og_image":[{"width":2560,"height":1703,"url":"https:\/\/sandra-rehm.de\/wp-content\/uploads\/2025\/01\/nina_skripietz_fotografie_Sandra_Rehm-53-von-83-scaled.jpg","type":"image\/jpeg"}],"twitter_card":"summary_large_image","twitter_misc":{"Gesch\u00e4tzte Lesezeit":"4\u00a0Minuten"},"schema":{"@context":"https:\/\/schema.org","@graph":[{"@type":"WebPage","@id":"https:\/\/sandra-rehm.de\/index.php\/fuehrungskraefteentwicklung\/","url":"https:\/\/sandra-rehm.de\/index.php\/fuehrungskraefteentwicklung\/","name":"F\u00fchrungskr\u00e4fteentwicklung - Sandra Rehm - Gemeinsam f\u00fcr mehr Wohlbefinden","isPartOf":{"@id":"https:\/\/sandra-rehm.de\/#website"},"primaryImageOfPage":{"@id":"https:\/\/sandra-rehm.de\/index.php\/fuehrungskraefteentwicklung\/#primaryimage"},"image":{"@id":"https:\/\/sandra-rehm.de\/index.php\/fuehrungskraefteentwicklung\/#primaryimage"},"thumbnailUrl":"https:\/\/sandra-rehm.de\/wp-content\/uploads\/2025\/01\/nina_skripietz_fotografie_Sandra_Rehm-53-von-83-scaled.jpg","datePublished":"2024-11-26T09:51:32+00:00","dateModified":"2025-06-04T12:51:28+00:00","description":"Sichern Sie langfristig den Erfolg Ihres Unternehmens durch einen gesunden F\u00fchrungsstil. Eine gute F\u00fchrungskraft braucht auch soziale Kompetenzen wie Empathie, achtsame Kommunikation und authentischer F\u00fchrung.","breadcrumb":{"@id":"https:\/\/sandra-rehm.de\/index.php\/fuehrungskraefteentwicklung\/#breadcrumb"},"inLanguage":"de","potentialAction":[{"@type":"ReadAction","target":["https:\/\/sandra-rehm.de\/index.php\/fuehrungskraefteentwicklung\/"]}]},{"@type":"ImageObject","inLanguage":"de","@id":"https:\/\/sandra-rehm.de\/index.php\/fuehrungskraefteentwicklung\/#primaryimage","url":"https:\/\/sandra-rehm.de\/wp-content\/uploads\/2025\/01\/nina_skripietz_fotografie_Sandra_Rehm-53-von-83-scaled.jpg","contentUrl":"https:\/\/sandra-rehm.de\/wp-content\/uploads\/2025\/01\/nina_skripietz_fotografie_Sandra_Rehm-53-von-83-scaled.jpg","width":2560,"height":1703,"caption":"Sandra Rehm stellt systemische Puppen auf"},{"@type":"BreadcrumbList","@id":"https:\/\/sandra-rehm.de\/index.php\/fuehrungskraefteentwicklung\/#breadcrumb","itemListElement":[{"@type":"ListItem","position":1,"name":"Startseite","item":"https:\/\/sandra-rehm.de\/"},{"@type":"ListItem","position":2,"name":"F\u00fchrungskr\u00e4fteentwicklung"}]},{"@type":"WebSite","@id":"https:\/\/sandra-rehm.de\/#website","url":"https:\/\/sandra-rehm.de\/","name":"Sandra Rehm - Gemeinsam f\u00fcr mehr Wohlbefinden","description":"","publisher":{"@id":"https:\/\/sandra-rehm.de\/#organization"},"potentialAction":[{"@type":"SearchAction","target":{"@type":"EntryPoint","urlTemplate":"https:\/\/sandra-rehm.de\/?s={search_term_string}"},"query-input":{"@type":"PropertyValueSpecification","valueRequired":true,"valueName":"search_term_string"}}],"inLanguage":"de"},{"@type":"Organization","@id":"https:\/\/sandra-rehm.de\/#organization","name":"Sandra Rehm - Gemeinsam f\u00fcr mehr Wohlbefinden","url":"https:\/\/sandra-rehm.de\/","logo":{"@type":"ImageObject","inLanguage":"de","@id":"https:\/\/sandra-rehm.de\/#\/schema\/logo\/image\/","url":"https:\/\/sandra-rehm.de\/wp-content\/uploads\/2024\/11\/cropped-cropped-Logo-Slogan.jpg","contentUrl":"https:\/\/sandra-rehm.de\/wp-content\/uploads\/2024\/11\/cropped-cropped-Logo-Slogan.jpg","width":1631,"height":516,"caption":"Sandra Rehm - Gemeinsam f\u00fcr mehr Wohlbefinden"},"image":{"@id":"https:\/\/sandra-rehm.de\/#\/schema\/logo\/image\/"},"sameAs":["https:\/\/www.instagram.com\/sandra_rehm_gfm_wohlbefinden"]}]}},"_links":{"self":[{"href":"https:\/\/sandra-rehm.de\/index.php\/wp-json\/wp\/v2\/pages\/44","targetHints":{"allow":["GET"]}}],"collection":[{"href":"https:\/\/sandra-rehm.de\/index.php\/wp-json\/wp\/v2\/pages"}],"about":[{"href":"https:\/\/sandra-rehm.de\/index.php\/wp-json\/wp\/v2\/types\/page"}],"author":[{"embeddable":true,"href":"https:\/\/sandra-rehm.de\/index.php\/wp-json\/wp\/v2\/users\/1"}],"replies":[{"embeddable":true,"href":"https:\/\/sandra-rehm.de\/index.php\/wp-json\/wp\/v2\/comments?post=44"}],"version-history":[{"count":36,"href":"https:\/\/sandra-rehm.de\/index.php\/wp-json\/wp\/v2\/pages\/44\/revisions"}],"predecessor-version":[{"id":793,"href":"https:\/\/sandra-rehm.de\/index.php\/wp-json\/wp\/v2\/pages\/44\/revisions\/793"}],"wp:featuredmedia":[{"embeddable":true,"href":"https:\/\/sandra-rehm.de\/index.php\/wp-json\/wp\/v2\/media\/348"}],"wp:attachment":[{"href":"https:\/\/sandra-rehm.de\/index.php\/wp-json\/wp\/v2\/media?parent=44"}],"curies":[{"name":"wp","href":"https:\/\/api.w.org\/{rel}","templated":true}]}}